{"id":3005,"date":"2018-09-03T19:11:29","date_gmt":"2018-09-03T19:11:29","guid":{"rendered":"https:\/\/www.sabbiaemare.com\/startseite\/"},"modified":"2025-11-04T16:50:26","modified_gmt":"2025-11-04T16:50:26","slug":"startseite","status":"publish","type":"page","link":"https:\/\/www.sabbiaemare.com\/de\/","title":{"rendered":"Startseite"},"content":{"rendered":"<p>[vc_row full_width=&#8220;stretch_row_content_no_spaces&#8220; full_height=&#8220;yes&#8220; hue=&#8220;#ff0000&#8243;][vc_column]<div id=\"top-banner-background-1\" class=\"shortcode-mode\"><div class=\"hero-background-slider\"><div style=\"background:url(https:\/\/www.sabbiaemare.com\/wp-content\/uploads\/2025\/11\/casa-vacanze-rosolina-mare.jpg)\" data-title=\"Sabbia &amp; Mare\" data-subtitle=\"APPARTAMENTI IN AFFITTO A ROSOLINA MARE\" data-link=\"\" data-linktitle=\"\" data-fgcolor=\"#ffffff\"><\/div><\/div><div class=\"hero-background-slider\"><div style=\"background:url(https:\/\/www.sabbiaemare.com\/wp-content\/uploads\/2020\/03\/Appartamenti-Rosolina-Mare.jpg)\" data-title=\"Sabbia &amp; Mare\" data-subtitle=\"UN&#039;OASI DI RELAX A DUE PASSI DAL MARE\" data-link=\"\" data-linktitle=\"\" data-fgcolor=\"#cca404\"><\/div><\/div><div class=\"hero-background-slider\"><div style=\"background:url(https:\/\/www.sabbiaemare.com\/wp-content\/uploads\/2020\/06\/appartamenti-vista-mare-rosolina-mare.jpg)\" data-title=\"Sabbia &amp; Mare\" data-subtitle=\"VISTA MARE GARANTITA\" data-link=\"\" data-linktitle=\"\" data-fgcolor=\"#ffffff\"><\/div><\/div><div class=\"reveal-slider-caption\"><\/div><\/div>[\/vc_column][\/vc_row][vc_row content_placement=&#8220;middle&#8220; css=&#8220;.vc_custom_1612772560589{margin-top: 0px !important;margin-bottom: 0px !important;padding-top: 50px !important;padding-bottom: 60px !important;}&#8220;][vc_column zero_padding_on_mobile=&#8220;on&#8220; zero_margin_on_mobile=&#8220;on&#8220;]\n<div id=\"availability_search-2\" style=\"--bg-color:#ffffff\" class=\"homepage-widget-area container \">\n<div class=\"mphb_sc_search-wrapper widget_mphb_search_availability_widget\">\n<form method=\"GET\" class=\"mphb_sc_search-form\" action=\"https:\/\/booking.ericsoft.com\/BookingEngine\/Book\">\n<p class=\"mphb-required-fields-tip\">\r\n\t\t\t\t<small>Required fields are followed by<abbr title=\"required\">*<\/abbr><\/small>\r\n\t\t\t<\/p>\n<p class=\"mphb_sc_search-check-in-date\">\r\n\t\t\t\t<label for=\"mphb_check_in_date-mphb-search-form-availability_search-2\">Check-in<abbr title=\"Formatted as Y-m-d\">*<\/abbr><\/label>\r\n\t\t\t\t<input id=\"mphb_check_in_date-mphb-search-form-availability_search-2\" data-datepick-group=\"mphb-search-form-availability_search-2\" value=\"2026-05-16\" placeholder=\"Check-in Date\" required=\"required\" type=\"text\" name=\"arrival\" class=\"mphb-datepick mphb_datepicker\" autocomplete=\"off\">\r\n\t\t\t<\/p>\n<p class=\"mphb_sc_search-check-out-date\">\r\n\t\t\t\t\t<label for=\"mphb_check_out_date-mphb-search-form-availability_search-2\">Check-out<abbr title=\"Formatted as Y-m-d\">*<\/abbr><\/label>\r\n\t\t\t\t\t<input id=\"mphb_check_out_date-mphb-search-form-availability_search-2\" data-datepick-group=\"mphb-search-form-availability_search-2\" value=\"2026-05-17\" placeholder=\"Check-out Date\" required=\"required\" type=\"text\" name=\"departure\" class=\"mphb-datepick mphb_datepicker\" autocomplete=\"off\">\r\n\t\t\t\t<\/p>\n<p class=\"mphb_sc_search-adults\">\r\n\t\t\t\t\t<label for=\"mphb_adults-mphb-search-form-availability_search-2\">Adulti<\/label>\r\n\t\t\t\t\t<span><span>-<\/span><input type=\"number\" id=\"mphb_adults-mphb-search-form-availability_search-2\" name=\"pax\" value=\"1\" min=\"1\" max=\"30\"><span>+<\/span><\/span>\r\n\t\t\t\t<\/p>\n<p class=\"mphb_sc_search-children\">\r\n\t\t\t\t\t<label for=\"mphb_children-mphb-search-form-availability_search-2\">Bambini<\/label>\r\n\t\t\t\t\t<span><span>-<\/span><input type=\"number\" id=\"mphb_children-mphb-search-form-availability_search-2\" name=\"bambini\" value=\"0\" min=\"0\" max=\"11\"><span>+<\/span><\/span>\r\n\t\t\t\t<\/p>\n<input id=\"mphb_check_in_date-mphb-search-form-availability_search-2-hidden\" value=\"2026-05-16\" type=\"hidden\" name=\"arrival\"><input id=\"mphb_check_out_date-mphb-search-form-availability_search-2-hidden\" value=\"2026-05-17\" type=\"hidden\" name=\"departure\">\r\n\t\t\t<p class=\"mphb_sc_search-submit-button-wrapper\"><input type=\"submit\" class=\"button\" value=\"CONTROLLA LA DISPONIBILIT\u00c0\"><\/p><div style=\"display:none\"><input type=\"hidden\" name=\"idh\" value=\"1CF3AE878DFCDD80\">\n<input type=\"hidden\" name=\"lang\" value=\"it\">\n<input type=\"hidden\" name=\"cur\" value=\"EUR\">\n<input type=\"hidden\" name=\"conv\" value=\"\"><\/div><\/form>\n<\/div>\n<\/div>\n[vc_empty_space height=&#8220;12px&#8220;][vc_empty_space height=&#8220;12px&#8220;][vc_custom_heading text=&#8220;Willkommen auf unserer Website&#8220; font_container=&#8220;tag:h2|font_size:40px|text_align:center|color:%231f558f&#8220; use_theme_fonts=&#8220;yes&#8220; css=&#8220;.vc_custom_1593411987985{margin-bottom: 15px !important;}&#8220;][vc_custom_heading text=&#8220;Buchen Sie jetzt direkt von hier aus zum garantiert besten Preis.<br \/>\nWenn Sie keine Verf\u00fcgbarkeit finden, kontaktieren Sie uns bitte trotzdem unter info@sabbiaemare.com, da einige Termine aus organisatorischen Gr\u00fcnden blockiert sein k\u00f6nnen.&#8220; font_container=&#8220;tag:h2|font_size:20px|text_align:center|color:%239a755b&#8220; use_theme_fonts=&#8220;yes&#8220; css=&#8220;.vc_custom_1593412009114{margin-bottom: 15px !important;}&#8220;][vc_empty_space height=&#8220;22px&#8220;][vc_row_inner][vc_column_inner width=&#8220;1\/2&#8243;][vc_single_image image=&#8220;2019&#8243; img_size=&#8220;&#8220; alignment=&#8220;center&#8220; parallax_ratio=&#8220;1.1&#8243;][vc_empty_space height=&#8220;22px&#8220;][vc_column_text css=&#8220;.vc_custom_1584349734539{margin-bottom: 15px !important;}&#8220;]<\/p>\n<h2 style=\"text-align: center;\">76 voll ausgestattete Wohnungen f\u00fcr Ihren Urlaub in Rosolina Mare<\/h2>\n<p>[\/vc_column_text][vc_column_text]<\/p>\n<p style=\"text-align: center;\">Ein erholsamer, kompromissloser Urlaub in Rosolina Mare.<br \/>\nUnsere neu errichtete Residenz hat sich zum Ziel gesetzt, den Strandurlaub zu dem zu machen, was er sein sollte: entspannend, stressfrei und einfach.<br \/>\nWir bieten 76 komplett eingerichtete Wohnungen, die mit allem Komfort ausgestattet sind, 100 Meter vom Strand entfernt und alle mit einer Terrasse mit Blick auf das Meer,<\/p>\n<p>[\/vc_column_text][\/vc_column_inner][vc_column_inner width=&#8220;1\/2&#8243;][vc_empty_space][vc_single_image image=&#8220;2186&#8243; img_size=&#8220;full&#8220; alignment=&#8220;right&#8220; parallax_ratio=&#8220;1.0&#8243;][\/vc_column_inner][\/vc_row_inner][\/vc_column][\/vc_row][vc_row full_width=&#8220;stretch_row&#8220; css=&#8220;.vc_custom_1537989181048{margin-top: 0px !important;margin-bottom: 0px !important;padding-top: 80px !important;padding-bottom: 115px !important;background-color: #f7f7f7 !important;}&#8220;][vc_column][vc_row_inner content_placement=&#8220;middle&#8220; css=&#8220;.vc_custom_1537988042258{margin-top: 0px !important;margin-right: 0px !important;margin-bottom: 0px !important;margin-left: 0px !important;padding-top: 0px !important;padding-right: 0px !important;padding-bottom: 0px !important;padding-left: 0px !important;background-color: #ffffff !important;}&#8220;][vc_column_inner width=&#8220;1\/2&#8243; css=&#8220;.vc_custom_1537989443441{padding-top: 40px !important;padding-right: 15% !important;padding-bottom: 40px !important;padding-left: 15% !important;}&#8220;][vc_custom_heading text=&#8220;Die Wohnungen&#8220; font_container=&#8220;tag:h2|text_align:center|color:%23000000&#8243; use_theme_fonts=&#8220;yes&#8220; css=&#8220;.vc_custom_1584350741050{margin-bottom: 15px !important;}&#8220;][vc_column_text]<\/p>\n<p style=\"text-align: justify;\">Die Residenz Sabbia &amp; Mare bietet Wohnungen f\u00fcr jeden Bedarf, von 3 bis 9 Betten, mit unterschiedlichen Gr\u00f6\u00dfen, Grundrissen und Ausstattungen, aber alle mit dem notwendigen Komfort ausgestattet, wie Geschirrsp\u00fcler, Backofen, Mikrowelle, Kochfeld, Safe, Klimaanlage und Smart TV. Jede Wohnung bietet au\u00dferdem Zugang zum privaten Swimmingpool und verf\u00fcgt \u00fcber eine Terrasse mit Meerblick. <\/p>\n<p>[\/vc_column_text]<span  id=\"wofcb-3\" class=\"ozy-custom_button_w\"><a id=\"ofcb-3\" style=\"--data-bordercolor:#c19b76\" class=\"ozy-custom_button ocbtn-1\"  href=\"https:\/\/www.sabbiaemare.com\/gli-appartamenti\/\"  target=\"_self\" >SCOPRI GLI APPARTAMENTI<\/a><\/span>[\/vc_column_inner][vc_column_inner width=&#8220;1\/2&#8243; css=&#8220;.vc_custom_1537987996656{margin-top: 0px !important;margin-right: 0px !important;margin-bottom: 0px !important;margin-left: 0px !important;padding-top: 0px !important;padding-right: 0px !important;padding-bottom: 0px !important;padding-left: 0px !important;}&#8220;][vc_single_image image=&#8220;2022&#8243; img_size=&#8220;full&#8220; alignment=&#8220;center&#8220; css_animation=&#8220;fadeIn&#8220; parallax_ratio=&#8220;1&#8243; css=&#8220;.vc_custom_1584350723447{margin-top: 0px !important;margin-right: 0px !important;margin-bottom: 0px !important;margin-left: 0px !important;padding-top: 0px !important;padding-right: 0px !important;padding-bottom: 0px !important;padding-left: 0px !important;}&#8220;][\/vc_column_inner][\/vc_row_inner][vc_row_inner content_placement=&#8220;middle&#8220; css=&#8220;.vc_custom_1537988042258{margin-top: 0px !important;margin-right: 0px !important;margin-bottom: 0px !important;margin-left: 0px !important;padding-top: 0px !important;padding-right: 0px !important;padding-bottom: 0px !important;padding-left: 0px !important;background-color: #ffffff !important;}&#8220;][vc_column_inner width=&#8220;1\/2&#8243; css=&#8220;.vc_custom_1537987996656{margin-top: 0px !important;margin-right: 0px !important;margin-bottom: 0px !important;margin-left: 0px !important;padding-top: 0px !important;padding-right: 0px !important;padding-bottom: 0px !important;padding-left: 0px !important;}&#8220;][vc_single_image image=&#8220;2187&#8243; img_size=&#8220;full&#8220; alignment=&#8220;center&#8220; css_animation=&#8220;fadeIn&#8220; parallax_ratio=&#8220;1&#8243; css=&#8220;.vc_custom_1593412735217{margin-top: 0px !important;margin-right: 0px !important;margin-bottom: 0px !important;margin-left: 0px !important;padding-top: 0px !important;padding-right: 0px !important;padding-bottom: 0px !important;padding-left: 0px !important;}&#8220;][\/vc_column_inner][vc_column_inner width=&#8220;1\/2&#8243; css=&#8220;.vc_custom_1537989443441{padding-top: 40px !important;padding-right: 15% !important;padding-bottom: 40px !important;padding-left: 15% !important;}&#8220;][vc_custom_heading text=&#8220;Unsere Dienstleistungen&#8220; font_container=&#8220;tag:h2|text_align:center|color:%23000000&#8243; use_theme_fonts=&#8220;yes&#8220; css=&#8220;.vc_custom_1593412399021{margin-bottom: 15px !important;}&#8220;][vc_column_text]<\/p>\n<p style=\"text-align: justify;\">Entdecken Sie das Vergn\u00fcgen eines kompromisslosen Urlaubs in Rosolina, bei dem Sie sich ausschlie\u00dflich der Entspannung und der Zeit mit Ihrer Familie widmen k\u00f6nnen.<br \/>\nUnsere Residenz bietet einzigartige Dienstleistungen in Rosolina, wie den Privatstrand, der ausschlie\u00dflich unseren G\u00e4sten vorbehalten ist, das Parken in unserer \u00fcberdachten Garage, damit Sie Ihr Auto w\u00e4hrend Ihres gesamten Aufenthalts in v\u00f6lliger Sicherheit abstellen k\u00f6nnen, und den privaten Swimmingpool im Garten f\u00fcr unsere G\u00e4ste.<\/p>\n<p>[\/vc_column_text]<span  id=\"wofcb-4\" class=\"ozy-custom_button_w\"><a id=\"ofcb-4\" style=\"--data-bordercolor:#c19b76\" class=\"ozy-custom_button ocbtn-1\"  href=\"https:\/\/www.sabbiaemare.com\/i-servizi\/\"  target=\"_self\" >SCOPRI I SERVIZI<\/a><\/span>[\/vc_column_inner][\/vc_row_inner][vc_row_inner content_placement=&#8220;middle&#8220; css=&#8220;.vc_custom_1537988042258{margin-top: 0px !important;margin-right: 0px !important;margin-bottom: 0px !important;margin-left: 0px !important;padding-top: 0px !important;padding-right: 0px !important;padding-bottom: 0px !important;padding-left: 0px !important;background-color: #ffffff !important;}&#8220;][vc_column_inner width=&#8220;1\/2&#8243; css=&#8220;.vc_custom_1537989436882{padding-top: 40px !important;padding-right: 15% !important;padding-bottom: 40px !important;padding-left: 15% !important;}&#8220;][vc_custom_heading text=&#8220;Rosolina Mare&#8220; font_container=&#8220;tag:h2|text_align:center|color:%23000000&#8243; use_theme_fonts=&#8220;yes&#8220; css=&#8220;.vc_custom_1584352157419{margin-bottom: 15px !important;}&#8220;][vc_column_text]<\/p>\n<p style=\"text-align: justify;\">Rosolina Mare ist eine Oase des Friedens und der Ruhe an der Adria, wie geschaffen f\u00fcr einen ruhigen Urlaub mit der Familie und den Kindern. Weniger als eine Stunde von Rovigo und Venedig, eineinhalb Stunden von Padua und Ferrara und ein paar Stunden von Verona entfernt. Ein ideales Ziel f\u00fcr einen weniger chaotischen Urlaub inmitten des Sandes und der Pinienw\u00e4lder, die diesen Ort charakterisieren.  <\/p>\n<p>[\/vc_column_text]<span  id=\"wofcb-5\" class=\"ozy-custom_button_w\"><a id=\"ofcb-5\" style=\"--data-bordercolor:#c19b76\" class=\"ozy-custom_button ocbtn-1\"  href=\"https:\/\/www.sabbiaemare.com\/rosolina-mare\/\"  target=\"_self\" >SCOPRI DI PI\u00d9<\/a><\/span>[\/vc_column_inner][vc_column_inner width=&#8220;1\/2&#8243; css=&#8220;.vc_custom_1537988850850{margin-top: 0px !important;margin-right: 0px !important;margin-bottom: 0px !important;margin-left: 0px !important;padding-top: 0px !important;padding-right: 0px !important;padding-bottom: 0px !important;padding-left: 0px !important;}&#8220;][vc_single_image image=&#8220;2023&#8243; img_size=&#8220;full&#8220; alignment=&#8220;center&#8220; css_animation=&#8220;fadeIn&#8220; parallax_ratio=&#8220;1&#8243; css=&#8220;.vc_custom_1584352150900{margin-top: 0px !important;margin-right: 0px !important;margin-bottom: 0px !important;margin-left: 0px !important;padding-top: 0px !important;padding-right: 0px !important;padding-bottom: 0px !important;padding-left: 0px !important;}&#8220;][\/vc_column_inner][\/vc_row_inner][\/vc_column][\/vc_row][vc_row][vc_column][vc_empty_space height=&#8220;50px&#8220;][vc_row_inner][vc_column_inner width=&#8220;1\/4&#8243;][vc_custom_heading text=&#8220;Kontakt&#8220; font_container=&#8220;tag:h2|text_align:left|color:%23000000&#8243; use_theme_fonts=&#8220;yes&#8220;][vc_empty_space height=&#8220;20px&#8220;]<div id=\"tile-with-icon_icon6\" class=\"title-with-icon-wrapper clear small \" data-color=\"\"  style=\"\">\r\n\t\t\t<div class=\"wpb_content_element title-with-icon clearfix margin-bottom-0 \"><span  style=\"color:#000000 !important;background-color: !important;\" class=\"oic-location-1 clear small \" ><\/span><h5 style=\"color:#000000\">Indirizzo<\/h5>\r\n\t\t\t<\/div><div class=\"wpb_content_element left-cs title-with-icon-content small clearfix\" style=\"color:#000000\"><span style=\"color: #999999;\">Via del Moro 1, 45010,<br \/>\nRosolina Mare &#8211; Ro<br \/>\n<\/span><\/div><\/div><div id=\"tile-with-icon_icon7\" class=\"title-with-icon-wrapper clear small \" data-color=\"\"  style=\"\">\r\n\t\t\t<div class=\"wpb_content_element title-with-icon clearfix margin-bottom-0 \"><span  style=\"color:#000000 !important;background-color: !important;\" class=\"oic-telephone clear small \" ><\/span><h5 style=\"color:#000000\">Telefono<\/h5>\r\n\t\t\t<\/div><div class=\"wpb_content_element left-cs title-with-icon-content small clearfix\" style=\"color:#000000\"><span style=\"color: #999999;\">+39 333 8884833<\/span><\/div><\/div><div id=\"tile-with-icon_icon8\" class=\"title-with-icon-wrapper clear small \" data-color=\"\"  style=\"\">\r\n\t\t\t<div class=\"wpb_content_element title-with-icon clearfix margin-bottom-0 \"><span  style=\"color:#000000 !important;background-color: !important;\" class=\"oic-email-mail-streamline clear small \" ><\/span><h5 style=\"color:#000000\">Email<\/h5>\r\n\t\t\t<\/div><div class=\"wpb_content_element left-cs title-with-icon-content small clearfix\" style=\"color:#000000\"><span style=\"color: #999999;\">info@sabbiaemare.com<br \/>\n<\/span><\/div><\/div>[\/vc_column_inner][vc_column_inner width=&#8220;3\/4&#8243;]<div class=\"ozy-google-map \" \r\n\t\t\tdata-address=\"Via del moro 1, 45010 Rosolina Mare RO\" \r\n\t\t\tdata-zoom=\"12\" \r\n\t\t\tdata-hue=\"#2165b5\" \r\n\t\t\tdata-saturation=\"0\" \r\n\t\t\tdata-lightness=\"0\" \r\n\t\t\tdata-height=\"420px\" \r\n\t\t\tdata-icon=\"\" style=\"height:420px\"><\/div>[\/vc_column_inner][\/vc_row_inner][\/vc_column][\/vc_row][vc_column width=&#8220;1\/2&#8243; zero_padding_on_mobile=&#8220;on&#8220; zero_margin_on_mobile=&#8220;on&#8220;][\/vc_column]<\/p>\n","protected":false},"excerpt":{"rendered":"<p>[vc_row full_width=&#8220;stretch_row_content_no_spaces&#8220; full_height=&#8220;yes&#8220; hue=&#8220;#ff0000&#8243;][vc_column][\/vc_column][\/vc_row][vc_row content_placement=&#8220;middle&#8220; css=&#8220;.vc_custom_1612772560589{margin-top: 0px !important;margin-bottom: 0px !important;padding-top: 50px !important;padding-bottom: 60px !important;}&#8220;][vc_column zero_padding_on_mobile=&#8220;on&#8220; zero_margin_on_mobile=&#8220;on&#8220;][vc_empty_space height=&#8220;12px&#8220;][vc_empty_space height=&#8220;12px&#8220;][vc_custom_heading text=&#8220;Willkommen auf unserer Website&#8220; font_container=&#8220;tag:h2|font_size:40px|text_align:center|color:%231f558f&#8220; use_theme_fonts=&#8220;yes&#8220; css=&#8220;.vc_custom_1593411987985{margin-bottom: 15px !important;}&#8220;][vc_custom_heading text=&#8220;Buchen Sie jetzt [&hellip;]<\/p>\n","protected":false},"author":1,"featured_media":0,"parent":0,"menu_order":0,"comment_status":"closed","ping_status":"closed","template":"page-transparent-menu.php","meta":{"_monsterinsights_skip_tracking":false,"_monsterinsights_sitenote_active":false,"_monsterinsights_sitenote_note":"","_monsterinsights_sitenote_category":0,"footnotes":""},"class_list":["post-3005","page","type-page","status-publish","hentry",null],"aioseo_notices":[],"_links":{"self":[{"href":"https:\/\/www.sabbiaemare.com\/de\/wp-json\/wp\/v2\/pages\/3005","targetHints":{"allow":["GET"]}}],"collection":[{"href":"https:\/\/www.sabbiaemare.com\/de\/wp-json\/wp\/v2\/pages"}],"about":[{"href":"https:\/\/www.sabbiaemare.com\/de\/wp-json\/wp\/v2\/types\/page"}],"author":[{"embeddable":true,"href":"https:\/\/www.sabbiaemare.com\/de\/wp-json\/wp\/v2\/users\/1"}],"replies":[{"embeddable":true,"href":"https:\/\/www.sabbiaemare.com\/de\/wp-json\/wp\/v2\/comments?post=3005"}],"version-history":[{"count":5,"href":"https:\/\/www.sabbiaemare.com\/de\/wp-json\/wp\/v2\/pages\/3005\/revisions"}],"predecessor-version":[{"id":3017,"href":"https:\/\/www.sabbiaemare.com\/de\/wp-json\/wp\/v2\/pages\/3005\/revisions\/3017"}],"wp:attachment":[{"href":"https:\/\/www.sabbiaemare.com\/de\/wp-json\/wp\/v2\/media?parent=3005"}],"curies":[{"name":"wp","href":"https:\/\/api.w.org\/{rel}","templated":true}]}}