{"id":2929,"date":"2018-10-09T18:54:02","date_gmt":"2018-10-09T18:54:02","guid":{"rendered":"https:\/\/www.sabbiaemare.com\/wellness\/"},"modified":"2025-03-21T09:23:31","modified_gmt":"2025-03-21T09:23:31","slug":"wellness","status":"publish","type":"page","link":"https:\/\/www.sabbiaemare.com\/de\/wellness\/","title":{"rendered":"Wellness"},"content":{"rendered":"<p>[vc_row full_width=&#8220;stretch_row&#8220; full_height=&#8220;yes&#8220; content_placement=&#8220;middle&#8220; bg_slider=&#8220;kenburns&#8220; bottom_arrow=&#8220;on&#8220; bottom_arrow_color=&#8220;#ffffff&#8220; bg_slider_images=&#8220;1032,1021,1026&#8243; css=&#8220;.vc_custom_1539198079775{margin-top: 0px !important;margin-bottom: 0px !important;padding-top: 0px !important;padding-bottom: 0px !important;}&#8220;][vc_column column_use_custom_typography=&#8220;1&#8243; column_use_custom_typography_color=&#8220;#ffffff&#8220; column_use_custom_typography_size=&#8220;&#8220; column_use_custom_typography_line_height=&#8220;&#8220; column_use_custom_typography_align=&#8220;center&#8220;][vc_column_text]MIT ATEMBERAUBENDER AUSSICHT BEGINNT<\/p>\n<h1>DER WEG ZUR ENTSPANNUNG<\/h1>\n<p>[\/vc_column_text][\/vc_column][\/vc_row][vc_row full_width=&#8220;stretch_row_content_no_spaces&#8220; content_placement=&#8220;middle&#8220; css=&#8220;.vc_custom_1539111657580{margin-top: 0px !important;margin-bottom: 0px !important;padding-top: 0px !important;padding-bottom: 0px !important;}&#8220;][vc_column width=&#8220;2\/3&#8243; css=&#8220;.vc_custom_1539111046307{margin-top: 0px !important;margin-bottom: 0px !important;padding-top: 0px !important;padding-bottom: 0px !important;}&#8220;][vc_single_image image=&#8220;1026&#8243; img_size=&#8220;full&#8220; parallax_ratio=&#8220;1.0&#8243; css=&#8220;.vc_custom_1539111676337{margin-top: 0px !important;margin-bottom: 0px !important;padding-top: 0px !important;padding-bottom: 0px !important;}&#8220;][\/vc_column][vc_column width=&#8220;1\/3&#8243; zero_padding_on_mobile=&#8220;on&#8220; zero_margin_on_mobile=&#8220;on&#8220; css=&#8220;.vc_custom_1542141734907{margin-top: 30px !important;margin-bottom: 30px !important;padding-right: 10% !important;padding-left: 10% !important;}&#8220;]<h4 class=\"ozy-divider-cap-center wpb_content_element \"  style=\"color:#2f2b2c\" >A WORLD-CLASS SPA EXPERIENCE<\/h4><div class=\"ozy-content-divider sh4 \" style=\"border-top-style:solid;border-top-width:2px;border-top-color:#2f2b2c!important;width:60px;max-width:60px;margin:20px auto;\"><\/div>[vc_column_text]<\/p>\n<p style=\"text-align: center;\">Auf der Behandlungskarte des Spas steht das ber\u00fchmte Rasul, bei dem die Kunden die Wahl haben zwischen der Terra Sigillata-Therapie mit 3 frisch zubereiteten Mineralschl\u00e4mmen von h\u00f6chstem Wert, jeder so kostbar wie Gold, oder der Bali Paradise-Therapie mit einer Kombination aus frisch gemischten Fruchtextrakten und Kr\u00e4utern f\u00fcr ein therapeutisches Ritual, das Sie in einen tief entspannten, traum\u00e4hnlichen Zustand versetzen wird.<\/p>\n<p>[\/vc_column_text]<span  id=\"wofcb-1\" class=\"ozy-custom_button_w\"><a id=\"ofcb-1\" style=\"--data-bordercolor:#c19b76\" class=\"ozy-custom_button ocbtn-1\"  href=\"#\"  target=\"_self\" >LEARN MORE<\/a><\/span>[\/vc_column][\/vc_row][vc_row full_width=&#8220;stretch_row_content_no_spaces&#8220; content_placement=&#8220;middle&#8220; css=&#8220;.vc_custom_1539111657580{margin-top: 0px !important;margin-bottom: 0px !important;padding-top: 0px !important;padding-bottom: 0px !important;}&#8220;][vc_column width=&#8220;1\/3&#8243; zero_padding_on_mobile=&#8220;on&#8220; zero_margin_on_mobile=&#8220;on&#8220; css=&#8220;.vc_custom_1542141774199{margin-top: 30px !important;margin-bottom: 30px !important;padding-right: 10% !important;padding-left: 10% !important;}&#8220;]<h4 class=\"ozy-divider-cap-center wpb_content_element \"  style=\"color:#2f2b2c\" >SUNWAY YOGA CLASSES<\/h4><div class=\"ozy-content-divider sh4 \" style=\"border-top-style:solid;border-top-width:2px;border-top-color:#2f2b2c!important;width:60px;max-width:60px;margin:20px auto;\"><\/div>[vc_column_text]<\/p>\n<p style=\"text-align: center;\">G\u00f6nnen Sie sich einen erfrischenden Kurzurlaub, um sich zu entspannen, abzuschalten und neue Energie f\u00fcr ein strahlenderes Aussehen zu tanken. Oia Santorini bietet Ihnen die perfekte Umgebung, um mit Yoga- und Meditationstechniken f\u00fcr eine optimale Gesundheit in die v\u00f6llige Entspannung einzutauchen. <\/p>\n<p>[\/vc_column_text]<span  id=\"wofcb-2\" class=\"ozy-custom_button_w\"><a id=\"ofcb-2\" style=\"--data-bordercolor:#c19b76\" class=\"ozy-custom_button ocbtn-1\"  href=\"#\"  target=\"_self\" >LEARN MORE<\/a><\/span>[\/vc_column][vc_column width=&#8220;2\/3&#8243; css=&#8220;.vc_custom_1539111939155{margin-top: 0px !important;margin-bottom: 0px !important;padding-top: 0px !important;padding-bottom: 0px !important;}&#8220;][vc_single_image image=&#8220;1025&#8243; img_size=&#8220;full&#8220; parallax_ratio=&#8220;1.0&#8243; css=&#8220;.vc_custom_1539112132149{margin-top: 0px !important;margin-bottom: 0px !important;padding-top: 0px !important;padding-bottom: 0px !important;}&#8220;][\/vc_column][\/vc_row][vc_row full_width=&#8220;stretch_row_content_no_spaces&#8220; content_placement=&#8220;middle&#8220; css=&#8220;.vc_custom_1539111657580{margin-top: 0px !important;margin-bottom: 0px !important;padding-top: 0px !important;padding-bottom: 0px !important;}&#8220;][vc_column width=&#8220;2\/3&#8243; css=&#8220;.vc_custom_1539111046307{margin-top: 0px !important;margin-bottom: 0px !important;padding-top: 0px !important;padding-bottom: 0px !important;}&#8220;][vc_single_image image=&#8220;1024&#8243; img_size=&#8220;full&#8220; parallax_ratio=&#8220;1.0&#8243; css=&#8220;.vc_custom_1539112163705{margin-top: 0px !important;margin-bottom: 0px !important;padding-top: 0px !important;padding-bottom: 0px !important;}&#8220;][\/vc_column][vc_column width=&#8220;1\/3&#8243; zero_padding_on_mobile=&#8220;on&#8220; zero_margin_on_mobile=&#8220;on&#8220; css=&#8220;.vc_custom_1542141782215{margin-top: 30px !important;margin-bottom: 30px !important;padding-right: 10% !important;padding-left: 10% !important;}&#8220;]<h4 class=\"ozy-divider-cap-center wpb_content_element \"  style=\"color:#2f2b2c\" >FITNESS GYM<\/h4><div class=\"ozy-content-divider sh4 \" style=\"border-top-style:solid;border-top-width:2px;border-top-color:#2f2b2c!important;width:60px;max-width:60px;margin:20px auto;\"><\/div>[vc_column_text]<\/p>\n<p style=\"text-align: center;\">Das Sunway&#8217;s Gym &amp; Fitness Centre bietet wundersch\u00f6ne, von Sonnenlicht durchflutete Einrichtungen im Freien oder in Innenr\u00e4umen und sorgt so f\u00fcr ein einzigartiges Trainingserlebnis.<\/p>\n<p style=\"text-align: center;\">Die erstklassigen Ger\u00e4te bieten unseren Besuchern das Neueste an Fitness-Technologie.<\/p>\n<p>[\/vc_column_text]<span  id=\"wofcb-3\" class=\"ozy-custom_button_w\"><a id=\"ofcb-3\" style=\"--data-bordercolor:#c19b76\" class=\"ozy-custom_button ocbtn-1\"  href=\"#\"  target=\"_self\" >LEARN MORE<\/a><\/span>[\/vc_column][\/vc_row][vc_row full_width=&#8220;stretch_row_content_no_spaces&#8220; content_placement=&#8220;middle&#8220; css=&#8220;.vc_custom_1539111657580{margin-top: 0px !important;margin-bottom: 0px !important;padding-top: 0px !important;padding-bottom: 0px !important;}&#8220;][vc_column width=&#8220;1\/3&#8243; zero_padding_on_mobile=&#8220;on&#8220; zero_margin_on_mobile=&#8220;on&#8220; css=&#8220;.vc_custom_1542141791002{margin-top: 30px !important;margin-bottom: 30px !important;padding-right: 10% !important;padding-left: 10% !important;}&#8220;]<h4 class=\"ozy-divider-cap-center wpb_content_element \"  style=\"color:#2f2b2c\" >SUNWAY POOLS<\/h4><div class=\"ozy-content-divider sh4 \" style=\"border-top-style:solid;border-top-width:2px;border-top-color:#2f2b2c!important;width:60px;max-width:60px;margin:20px auto;\"><\/div>[vc_column_text]<\/p>\n<p style=\"text-align: center;\">Nach einem langen Tag, an dem Sie ein neues Reiseziel erkundet haben, gibt es nichts Entspannenderes als ein Bad in einem luxuri\u00f6sen Pool des Sunway Hotels. Schwimmen und sonnen Sie sich in unserem Infinity Pool und lassen Sie Ihre Sinne unter der strahlenden griechischen Sommersonne baumeln.<br \/>\nG\u00f6nnen Sie sich Momente der puren Erholung mit Blick auf die atemberaubende Caldera. <\/p>\n<p>[\/vc_column_text]<span  id=\"wofcb-4\" class=\"ozy-custom_button_w\"><a id=\"ofcb-4\" style=\"--data-bordercolor:#c19b76\" class=\"ozy-custom_button ocbtn-1\"  href=\"#\"  target=\"_self\" >LEARN MORE<\/a><\/span>[\/vc_column][vc_column width=&#8220;2\/3&#8243; css=&#8220;.vc_custom_1539111939155{margin-top: 0px !important;margin-bottom: 0px !important;padding-top: 0px !important;padding-bottom: 0px !important;}&#8220;][vc_single_image image=&#8220;1023&#8243; img_size=&#8220;full&#8220; parallax_ratio=&#8220;1.0&#8243; css=&#8220;.vc_custom_1539112404986{margin-top: 0px !important;margin-bottom: 0px !important;padding-top: 0px !important;padding-bottom: 0px !important;}&#8220;][\/vc_column][\/vc_row][vc_row full_width=&#8220;stretch_row&#8220; fading_background_color=&#8220;on&#8220; fade_color_1=&#8220;#fff8f1&#8243; fade_color_2=&#8220;#222222&#8243; css=&#8220;.vc_custom_1539113062104{margin-top: 0px !important;margin-bottom: 0px !important;padding-top: 100px !important;padding-bottom: 100px !important;}&#8220;][vc_column][vc_column_text]<\/p>\n<h1 style=\"text-align: center;\">SPA<\/h1>\n<p>[\/vc_column_text][vc_row_inner][vc_column_inner width=&#8220;1\/2&#8243;][vc_column_text]Unser Spa in der Sunway Exclusive Suite hei\u00dft Sie in einer Welt der Ruhe und Verj\u00fcngung willkommen.<\/p>\n<p>Verw\u00f6hnen Sie sich mit unseren K\u00f6rperbehandlungen, genie\u00dfen Sie eine Verw\u00f6hnsitzung im privaten H\u00f6hlen-Hammam mit Aromatherapie oder eine Massage mit exotischen aromatischen \u00d6len und D\u00fcften sowie vulkanischen hei\u00dfen Steinen.<\/p>\n<p>Unser Spa-Zentrum ist ganz auf Ihr Wohlbefinden ausgerichtet und bietet eine F\u00fclle von verj\u00fcngenden Annehmlichkeiten und Behandlungen, die K\u00f6rper und Geist entspannen werden.<\/p>\n<p>Dies wird vor allem durch die Verwendung ausgew\u00e4hlter biologischer Pflanzen, Kr\u00e4uter und \u00d6le erreicht, die Ihre Sinne erfreuen und Sie entspannen lassen werden. [\/vc_column_text][\/vc_column_inner][vc_column_inner width=&#8220;1\/2&#8243;][vc_column_text]F\u00fcr ein wohltuendes und kitzelndes Erlebnis lassen Sie sich von uns in unsere Welt der Gesundheit und Sch\u00f6nheit f\u00fchren. D\u00fcfte und traditionelle Methoden vereinen sich, um eine euphorische Atmosph\u00e4re zu schaffen, die k\u00f6rperliche Entspannung und emotionale Harmonie f\u00f6rdert. <\/p>\n<p>Unser Spa bietet Behandlungen im Innen- oder Au\u00dfenbereich, eine pers\u00f6nliche Betreuung und ein hochqualifiziertes Personal, das Ihren Urlaub auf Santorin bereichert.<\/p>\n<p>Br\u00e4ute, die sich mit einer perfekten Hochzeit auf der magischen Insel Santorin das Ja-Wort geben, k\u00f6nnen die Spa-Einrichtungen f\u00fcr ihre Hochzeitsvorbereitungen nutzen: Haarstyling, Make-up, Manik\u00fcre, Pedik\u00fcre und mehr.[\/vc_column_text][\/vc_column_inner][\/vc_row_inner][\/vc_column][\/vc_row]<\/p>\n","protected":false},"excerpt":{"rendered":"<p>[vc_row full_width=&#8220;stretch_row&#8220; full_height=&#8220;yes&#8220; content_placement=&#8220;middle&#8220; bg_slider=&#8220;kenburns&#8220; bottom_arrow=&#8220;on&#8220; bottom_arrow_color=&#8220;#ffffff&#8220; bg_slider_images=&#8220;1032,1021,1026&#8243; css=&#8220;.vc_custom_1539198079775{margin-top: 0px !important;margin-bottom: 0px !important;padding-top: 0px !important;padding-bottom: 0px !important;}&#8220;][vc_column column_use_custom_typography=&#8220;1&#8243; column_use_custom_typography_color=&#8220;#ffffff&#8220; column_use_custom_typography_size=&#8220;&#8220; column_use_custom_typography_line_height=&#8220;&#8220; column_use_custom_typography_align=&#8220;center&#8220;][vc_column_text]MIT ATEMBERAUBENDER AUSSICHT BEGINNT DER WEG ZUR ENTSPANNUNG [\/vc_column_text][\/vc_column][\/vc_row][vc_row [&hellip;]<\/p>\n","protected":false},"author":1,"featured_media":0,"parent":0,"menu_order":0,"comment_status":"closed","ping_status":"closed","template":"page-transparent-menu.php","meta":{"_monsterinsights_skip_tracking":false,"_monsterinsights_sitenote_active":false,"_monsterinsights_sitenote_note":"","_monsterinsights_sitenote_category":0,"footnotes":""},"class_list":["post-2929","page","type-page","status-publish","hentry",null],"aioseo_notices":[],"_links":{"self":[{"href":"https:\/\/www.sabbiaemare.com\/de\/wp-json\/wp\/v2\/pages\/2929","targetHints":{"allow":["GET"]}}],"collection":[{"href":"https:\/\/www.sabbiaemare.com\/de\/wp-json\/wp\/v2\/pages"}],"about":[{"href":"https:\/\/www.sabbiaemare.com\/de\/wp-json\/wp\/v2\/types\/page"}],"author":[{"embeddable":true,"href":"https:\/\/www.sabbiaemare.com\/de\/wp-json\/wp\/v2\/users\/1"}],"replies":[{"embeddable":true,"href":"https:\/\/www.sabbiaemare.com\/de\/wp-json\/wp\/v2\/comments?post=2929"}],"version-history":[{"count":1,"href":"https:\/\/www.sabbiaemare.com\/de\/wp-json\/wp\/v2\/pages\/2929\/revisions"}],"predecessor-version":[{"id":2932,"href":"https:\/\/www.sabbiaemare.com\/de\/wp-json\/wp\/v2\/pages\/2929\/revisions\/2932"}],"wp:attachment":[{"href":"https:\/\/www.sabbiaemare.com\/de\/wp-json\/wp\/v2\/media?parent=2929"}],"curies":[{"name":"wp","href":"https:\/\/api.w.org\/{rel}","templated":true}]}}