{"id":2887,"date":"2020-03-16T14:15:37","date_gmt":"2020-03-16T14:15:37","guid":{"rendered":"https:\/\/www.sabbiaemare.com\/rosolina-meer\/"},"modified":"2025-03-21T09:23:07","modified_gmt":"2025-03-21T09:23:07","slug":"rosolina-meer","status":"publish","type":"page","link":"https:\/\/www.sabbiaemare.com\/de\/rosolina-meer\/","title":{"rendered":"Rosolina Meer"},"content":{"rendered":"<p>[vc_row full_width=&#8220;stretch_row_content_no_spaces&#8220; full_height=&#8220;yes&#8220; bottom_arrow=&#8220;on&#8220; bottom_arrow_color=&#8220;#ffffff&#8220; css=&#8220;.vc_custom_1521262718170{margin-top: 0px !important;margin-bottom: 0px !important;padding-top: 0px !important;padding-bottom: 0px !important;background-color: #606060 !important;}&#8220;][vc_column css=&#8220;.vc_custom_1521262701692{padding-top: 0px !important;padding-right: 0px !important;padding-bottom: 0px !important;padding-left: 0px !important;}&#8220;]<div id=\"top-banner-background-1\" class=\"shortcode-mode\"><div class=\"hero-background-slider\"><div style=\"background:url(https:\/\/www.sabbiaemare.com\/wp-content\/uploads\/2020\/03\/appartamenti-in-affitto-rosolina-mare.jpg)\" data-title=\"\" data-subtitle=\"\" data-link=\"\" data-linktitle=\"\" data-fgcolor=\"#ffffff\"><\/div><\/div><div class=\"hero-background-slider\"><div style=\"background:url(https:\/\/www.sabbiaemare.com\/wp-content\/uploads\/2020\/03\/dove-dormire-rosolina-mare.jpg)\" data-title=\"\" data-subtitle=\"\" data-link=\"\" data-linktitle=\"\" data-fgcolor=\"#ffffff\"><\/div><\/div><div class=\"reveal-slider-caption\"><\/div><\/div>[\/vc_column][\/vc_row][vc_row css=&#8220;.vc_custom_1538939629309{margin-top: 0px !important;margin-bottom: 0px !important;padding-top: 100px !important;padding-bottom: 60px !important;}&#8220;][vc_column][vc_custom_heading text=&#8220;Ferien in Rosolina Mare&#8220; font_container=&#8220;tag:h2|text_align:center&#8220; use_theme_fonts=&#8220;yes&#8220;][\/vc_column][\/vc_row][vc_row full_width=&#8220;stretch_row&#8220; css=&#8220;.vc_custom_1519631129918{margin-top: 0px !important;margin-bottom: 0px !important;padding-top: 50px !important;padding-bottom: 50px !important;}&#8220;][vc_column]\n<div class=\"ozy-image_with_featured_content style-overlapped shadow-none  stellar  content_right   vc_custom_1584368044317\" style=\"min-height:640px\">\n<div><div style=\"background-image:url(https:\/\/www.sabbiaemare.com\/wp-content\/uploads\/2020\/03\/a-rosolina-mare.jpg)\"><img decoding=\"async\" src=\"https:\/\/www.sabbiaemare.com\/wp-content\/uploads\/2020\/03\/a-rosolina-mare.jpg\" style=\"width:100%;height:100%;visibility:hidden;z-index:-1;\"\/><\/div><\/div><div  style=\"background-color:#f6f6f1;\" class=\"has-bg-color\"  data-stellar-ratio=\"1.3\">[vc_custom_heading text=&#8220;Rosolina Meer&#8220; font_container=&#8220;tag:h4|text_align:left&#8220; use_theme_fonts=&#8220;yes&#8220;][vc_column_text]<\/p>\n<p class=\"p1\">F\u00fcr diejenigen, die hier leben, f\u00fcr diejenigen, die hier arbeiten, f\u00fcr diejenigen, die hier einen Urlaub oder auch nur einen Tag verbringen, steht fest, dass dieses kleine Dorf am Meer in ihren Herzen bleibt.<br \/>\nRosolina Mare liegt im Herzen des Po-Deltas und ist in einer Stunde von Venedig und in vierzig Minuten von Rovigo, der Provinzhauptstadt, aus zu erreichen.<br \/>\nHier herrscht unber\u00fchrte Natur, die Fauna und Flora sind einzigartig und der Po-Delta-Park wurde vor einigen Jahren zum Weltkulturerbe erkl\u00e4rt.<\/p>\n<p class=\"p2\">Der Strand Rosolina Mare befindet sich im gleichnamigen Badeort in Venetien. Er wurde von der FEE Italien<i>(Stiftung f\u00fcr Umwelterziehung<\/i>) mit der begehrten Blauen Flagge ausgezeichnet und bietet einen langen, schmalen Sandstrand, an dem sich freie Str\u00e4nde gleichm\u00e4\u00dfig mit solchen, die f\u00fcr Badeanstalten zugelassen sind, abwechseln. Das Wasser des Meeres l\u00e4dt zum langen und angenehmen Baden ein und ist ber\u00fchmt f\u00fcr seine Breite und den feinen Sand.  <\/p>\n<p>[\/vc_column_text]<\/div><\/div>[\/vc_column][\/vc_row][vc_row full_width=&#8220;stretch_row&#8220; css=&#8220;.vc_custom_1519851948671{margin-top: 0px !important;margin-bottom: 0px !important;padding-top: 50px !important;padding-bottom: 50px !important;}&#8220;][vc_column]\n<div class=\"ozy-image_with_featured_content style-overlapped shadow-none  stellar  content_left   vc_custom_1584369189578\" style=\"min-height:640px\">\n<div><div style=\"background-image:url(https:\/\/www.sabbiaemare.com\/wp-content\/uploads\/2020\/03\/vacanza-ideale-rosolina-mare.jpg)\"><img decoding=\"async\" src=\"https:\/\/www.sabbiaemare.com\/wp-content\/uploads\/2020\/03\/vacanza-ideale-rosolina-mare.jpg\" style=\"width:100%;height:100%;visibility:hidden;z-index:-1;\"\/><\/div><\/div><div  style=\"background-color:#1d548d;\" class=\"has-bg-color\"  data-stellar-ratio=\"1.3\">[vc_custom_heading text=&#8220;Die St\u00e4rken von Rosolina Mare&#8220; font_container=&#8220;tag:h4|text_align:left|color:%23ffffff&#8220; use_theme_fonts=&#8220;yes&#8220;][vc_column_text]<\/p>\n<p class=\"p1\"><span style=\"color: #ffffff;\">Es gibt viele Highlights f\u00fcr diejenigen, die sich f\u00fcr einen Urlaub in Rosolina Mare entscheiden:<\/span><br \/>\n<span style=\"color: #ffffff;\">-die <b> Ruhe<\/b>: Dank des breiten Strandes kann Rosapineta in der Hochsaison Touristen aufnehmen, ohne dass das unangenehme Gef\u00fchl entsteht, \u00fcberf\u00fcllt zu sein.<\/span><br \/>\n<span style=\"color: #ffffff;\">Sehr <b>gutes Preis-Leistungs-Verh\u00e4ltnis.<br \/>\n<\/b> -Services <b>f\u00fcr<\/b> begleitete <b>Behinderte<\/b>, \u00e4ltere Menschen und Familien mit Kindern (Unterhaltung, Strandspiele und ein ideales Ufer f\u00fcr Kinder).<\/span><br \/>\n<span style=\"color: #ffffff;\">-ein <b>HAUSTIERFREUNDLICHER<\/b> Ort: in Rosapineta sind an den meisten Str\u00e4nden unsere vierbeinigen Freunde willkommen und an vielen Orten sind sie auch willkommen<\/span><br \/>\n<span style=\"color: #ffffff;\">-Der lange <b>Radweg<\/b> am Meer und in der N\u00e4he vieler Gesch\u00e4fte, Restaurants und Unternehmen, ein Spaziergang zum Entspannen und auch zum Entdecken des Stadtzentrums dieses sch\u00f6nen Ortes.<\/span><br \/>\n<span style=\"color: #ffffff;\">-die <b>N\u00e4he zu wunderbaren Ausflugszielen<\/b>: Venedig, das Po-Delta, Porto Caleri und mehr<\/span><br \/>\n<span style=\"color: #ffffff;\">-eine Vielzahl von <b>sportlichen Aktivit\u00e4ten<\/b> im Freien<\/span><\/p>\n<p>[\/vc_column_text]<\/div><\/div>[\/vc_column][\/vc_row][vc_row full_width=&#8220;stretch_row&#8220; css=&#8220;.vc_custom_1519631129918{margin-top: 0px !important;margin-bottom: 0px !important;padding-top: 50px !important;padding-bottom: 50px !important;}&#8220;][vc_column]\n<div class=\"ozy-image_with_featured_content style-overlapped shadow-none  stellar  content_right   vc_custom_1584369201127\" style=\"min-height:640px\">\n<div><div style=\"background-image:url(https:\/\/www.sabbiaemare.com\/wp-content\/uploads\/2020\/03\/rosolina-mare.jpg)\"><img decoding=\"async\" src=\"https:\/\/www.sabbiaemare.com\/wp-content\/uploads\/2020\/03\/rosolina-mare.jpg\" style=\"width:100%;height:100%;visibility:hidden;z-index:-1;\"\/><\/div><\/div><div  style=\"background-color:#9a745a;\" class=\"has-bg-color\"  data-stellar-ratio=\"1.3\">[vc_custom_heading text=&#8220;Strand von Porto Caleri und der Botanische Garten&#8220; font_container=&#8220;tag:h4|text_align:left|color:%23ffffff&#8220; use_theme_fonts=&#8220;yes&#8220;][vc_column_text]<\/p>\n<p class=\"p1\"><span style=\"color: #ffffff;\">In Rosolina Mare befindet sich der Strand von Porto Caleri, versteckt hinter dem wundersch\u00f6nen Pinienwald des Botanischen K\u00fcstengartens, der vom Regionalpark des Po-Deltas in Venetien gesch\u00fctzt wird. Es gibt viele Arten von Flora und Fauna, die Sie auf Ihrem Weg zum Strand auf den charakteristischen erh\u00f6hten Holzstegen bewundern k\u00f6nnen. <\/span><\/p>\n<p class=\"p1\"><span style=\"color: #ffffff;\">Der Strand ist breit, etwa sechs Kilometer lang, und besteht aus feink\u00f6rnigem, hellem Sand. Ein weiteres Merkmal dieser Naturoase sind die Sandd\u00fcnen, die vom Wind geformt werden und von Jahr zu Jahr eine etwas andere Landschaft bieten. <\/span><br \/>\n<span style=\"color: #ffffff;\">Der Strand ist dank dreier Fu\u00dfwege, die sich durch den Botanischen Garten an der K\u00fcste und hinunter zum Meer schl\u00e4ngeln, leicht zug\u00e4nglich. Porto Caleri ist nie \u00fcberf\u00fcllt, obwohl der Strand auch in den Sommermonaten kostenlos ist. <\/span><\/p>\n<p>[\/vc_column_text]<\/div><\/div>[\/vc_column][\/vc_row][vc_row full_width=&#8220;stretch_row&#8220; css=&#8220;.vc_custom_1519631129918{margin-top: 0px !important;margin-bottom: 0px !important;padding-top: 50px !important;padding-bottom: 50px !important;}&#8220;][vc_column]\n<div class=\"ozy-image_with_featured_content style-overlapped shadow-none  stellar  content_left   vc_custom_1612773400618\" style=\"min-height:640px\">\n<div><div style=\"background-image:url(https:\/\/www.sabbiaemare.com\/wp-content\/uploads\/2021\/02\/chioggia-e-rosolina-mare-sabbia-e-mare-appartamenti.jpg)\"><img decoding=\"async\" src=\"https:\/\/www.sabbiaemare.com\/wp-content\/uploads\/2021\/02\/chioggia-e-rosolina-mare-sabbia-e-mare-appartamenti.jpg\" style=\"width:100%;height:100%;visibility:hidden;z-index:-1;\"\/><\/div><\/div><div  style=\"background-color:#f6f6f1;\" class=\"has-bg-color\"  data-stellar-ratio=\"1.3\">[vc_custom_heading text=&#8220;Chioggia und die Lagune&#8220; font_container=&#8220;tag:h4|text_align:left&#8220; use_theme_fonts=&#8220;yes&#8220;][vc_column_text]<\/p>\n<p class=\"p1\">Nur wenige Kilometer von Rosolina entfernt taucht man in die einzigartige Realit\u00e4t von <b>Chioggia<\/b> ein, einer pr\u00e4chtigen Stadt an der venezianischen Lagune. Umgeben von <b>Wasserwegen<\/b> und Blicken auf die <b>Meereslandschaft<\/b>, bietet Chioggia eine Kombination von Highlights: die Altstadt, den Fischmarkt, den Strand und die Schifffahrt. Hier treffen Tradition und Moderne aufeinander und ergeben ein Reiseziel, das immer einen Besuch wert ist. Das Zentrum, das durch den historischen Vena-Kanal in zwei H\u00e4lften geteilt wird, bietet einen Einblick in die Vergangenheit der Stadt und die Gew\u00e4sser, die sie pr\u00e4gen: Bei Besichtigungen und Spazierg\u00e4ngen auf den Br\u00fccken mangelt es nie an Booten, die die Einwohner bei ihren Aktivit\u00e4ten und die Touristen mit ihrem Charme begleiten.<br \/>\nSowohl vom Inneren Chioggias als auch von der Stra\u00dfe aus, die dorthin f\u00fchrt, kann man einen Blick auf die venezianische Lagune werfen, das Markenzeichen der Stadt: Sie kann dank organisierter Ausfl\u00fcge besichtigt werden und umgibt ganz Chioggia, was ihren Ruhm als Seestadt widerspiegelt.   <\/p>\n<p>[\/vc_column_text]<\/div><\/div>[\/vc_column][\/vc_row][vc_row full_width=&#8220;stretch_row&#8220; css=&#8220;.vc_custom_1519851948671{margin-top: 0px !important;margin-bottom: 0px !important;padding-top: 50px !important;padding-bottom: 50px !important;}&#8220;][vc_column]\n<div class=\"ozy-image_with_featured_content style-overlapped shadow-none  stellar  content_right   vc_custom_1612773408878\" style=\"min-height:640px\">\n<div><div style=\"background-image:url(https:\/\/www.sabbiaemare.com\/wp-content\/uploads\/2021\/02\/delta-del-po-rosolina-mare.jpg)\"><img decoding=\"async\" src=\"https:\/\/www.sabbiaemare.com\/wp-content\/uploads\/2021\/02\/delta-del-po-rosolina-mare.jpg\" style=\"width:100%;height:100%;visibility:hidden;z-index:-1;\"\/><\/div><\/div><div  style=\"background-color:#1d548d;\" class=\"has-bg-color\"  data-stellar-ratio=\"1.3\">[vc_custom_heading text=&#8220;Das Po-Delta&#8220; font_container=&#8220;tag:h4|text_align:left|color:%23ffffff&#8220; use_theme_fonts=&#8220;yes&#8220;][vc_column_text]<\/p>\n<p class=\"p1\"><span style=\"color: #ffffff;\">Rosolina geh\u00f6rt zusammen mit acht anderen Nachbargemeinden zum <b>Regionalpark Po-Delta.<\/b> Das Delta, in dem der Po ins Meer m\u00fcndet, ist das<b>einzige in Italien<\/b> und beherbergt unsch\u00e4tzbare Natursch\u00e4tze, die typisch f\u00fcr den langsamen Tourismus (slow) sind: inmitten einzigartiger nat\u00fcrlicher Umgebungen, einer Fauna in direktem Kontakt und einer \u00fcppigen Natur wird es Ihnen bestimmt nicht langweilig werden! <\/span><br \/>\n<span style=\"color: #ffffff;\">Es gibt viele Aktivit\u00e4ten, die Sie im Delta unternehmen k\u00f6nnen: Radfahren, Spazierengehen, Vogelbeobachtung, Wandern, alles M\u00f6glichkeiten, um dieses fantastische Gebiet, <b>das reich an Flora und Fauna ist<\/b>, zu erkunden und mit der Geschichte der Region in Ber\u00fchrung zu kommen. Der Klang der Natur hallt in allen Bereichen des Deltas wider, das Sie mit seinen fesselnden Bildern und den Ausblicken auf das gr\u00f6\u00dfte Feuchtgebiet Italiens beeindrucken wird. <\/span><\/p>\n<p>[\/vc_column_text]<\/div><\/div>[vc_empty_space][\/vc_column][\/vc_row]<\/p>\n","protected":false},"excerpt":{"rendered":"<p>[vc_row full_width=&#8220;stretch_row_content_no_spaces&#8220; full_height=&#8220;yes&#8220; bottom_arrow=&#8220;on&#8220; bottom_arrow_color=&#8220;#ffffff&#8220; css=&#8220;.vc_custom_1521262718170{margin-top: 0px !important;margin-bottom: 0px !important;padding-top: 0px !important;padding-bottom: 0px !important;background-color: #606060 !important;}&#8220;][vc_column css=&#8220;.vc_custom_1521262701692{padding-top: 0px !important;padding-right: 0px !important;padding-bottom: 0px !important;padding-left: 0px !important;}&#8220;][\/vc_column][\/vc_row][vc_row css=&#8220;.vc_custom_1538939629309{margin-top: 0px !important;margin-bottom: 0px !important;padding-top: [&hellip;]<\/p>\n","protected":false},"author":1,"featured_media":0,"parent":0,"menu_order":0,"comment_status":"closed","ping_status":"closed","template":"page-transparent-menu.php","meta":{"_monsterinsights_skip_tracking":false,"_monsterinsights_sitenote_active":false,"_monsterinsights_sitenote_note":"","_monsterinsights_sitenote_category":0,"footnotes":""},"class_list":["post-2887","page","type-page","status-publish","hentry",null],"aioseo_notices":[],"_links":{"self":[{"href":"https:\/\/www.sabbiaemare.com\/de\/wp-json\/wp\/v2\/pages\/2887","targetHints":{"allow":["GET"]}}],"collection":[{"href":"https:\/\/www.sabbiaemare.com\/de\/wp-json\/wp\/v2\/pages"}],"about":[{"href":"https:\/\/www.sabbiaemare.com\/de\/wp-json\/wp\/v2\/types\/page"}],"author":[{"embeddable":true,"href":"https:\/\/www.sabbiaemare.com\/de\/wp-json\/wp\/v2\/users\/1"}],"replies":[{"embeddable":true,"href":"https:\/\/www.sabbiaemare.com\/de\/wp-json\/wp\/v2\/comments?post=2887"}],"version-history":[{"count":5,"href":"https:\/\/www.sabbiaemare.com\/de\/wp-json\/wp\/v2\/pages\/2887\/revisions"}],"predecessor-version":[{"id":2924,"href":"https:\/\/www.sabbiaemare.com\/de\/wp-json\/wp\/v2\/pages\/2887\/revisions\/2924"}],"wp:attachment":[{"href":"https:\/\/www.sabbiaemare.com\/de\/wp-json\/wp\/v2\/media?parent=2887"}],"curies":[{"name":"wp","href":"https:\/\/api.w.org\/{rel}","templated":true}]}}